{"id":4662,"date":"2022-03-27T23:30:27","date_gmt":"2022-03-27T23:30:27","guid":{"rendered":"https:\/\/essentials.pixfort.com\/consulting-elementor\/?page_id=4662"},"modified":"2026-03-10T15:07:59","modified_gmt":"2026-03-10T12:07:59","slug":"get-to-know-us","status":"publish","type":"page","link":"https:\/\/www.turkishbank.com\/en\/about-us\/get-to-know-us\/","title":{"rendered":"Get to Know Us"},"content":{"rendered":"\t\t<div data-elementor-type=\"wp-page\" data-elementor-id=\"4662\" class=\"elementor elementor-4662\" data-elementor-post-type=\"page\">\n\t\t\t\t\t\t<section class=\"elementor-section elementor-top-section elementor-element elementor-element-26603e0a elementor-section-boxed elementor-section-height-default elementor-section-height-default\" data-id=\"26603e0a\" data-element_type=\"section\" data-settings=\"{&quot;background_background&quot;:&quot;classic&quot;}\">\n\t\t\t\t\t\t<div class=\"elementor-container elementor-column-gap-default\">\n\t\t\t\t\t<div class=\"elementor-column elementor-col-100 elementor-top-column elementor-element elementor-element-57027d1b\" data-id=\"57027d1b\" data-element_type=\"column\">\n\t\t\t<div class=\"elementor-widget-wrap elementor-element-populated\">\n\t\t\t\t\t\t<section class=\"elementor-section elementor-inner-section elementor-element elementor-element-5a73769f elementor-section-boxed elementor-section-height-default elementor-section-height-default\" data-id=\"5a73769f\" data-element_type=\"section\">\n\t\t\t\t\t\t<div class=\"elementor-container elementor-column-gap-default\">\n\t\t\t\t\t<div class=\"elementor-column elementor-col-50 elementor-inner-column elementor-element elementor-element-5657add5\" data-id=\"5657add5\" data-element_type=\"column\">\n\t\t\t<div class=\"elementor-widget-wrap elementor-element-populated\">\n\t\t\t\t\t\t<div class=\"elementor-element elementor-element-5e1cd9d7 elementor-widget__width-initial elementor-widget-tablet__width-initial elementor-widget elementor-widget-ucaddon_simple_list_menu\" data-id=\"5e1cd9d7\" data-element_type=\"widget\" data-widget_type=\"ucaddon_simple_list_menu.default\">\n\t\t\t\t<div class=\"elementor-widget-container\">\n\t\t\t\t\t\n<!-- start List Menu -->\n\t\t<link id='font-awesome-css' href='https:\/\/www.turkishbank.com\/en\/wp-content\/plugins\/unlimited-elements-for-elementor-premium\/assets_libraries\/font-awesome6\/fontawesome-all.min.css' type='text\/css' rel='stylesheet' >\n\t\t<link id='font-awesome-4-shim-css' href='https:\/\/www.turkishbank.com\/en\/wp-content\/plugins\/unlimited-elements-for-elementor-premium\/assets_libraries\/font-awesome6\/fontawesome-v4-shims.min.css' type='text\/css' rel='stylesheet' >\n\n<style>\/* widget: List Menu *\/\n\n#uc_simple_list_menu_elementor_5e1cd9d7\n{\n  text-align:left;\n}\n#uc_simple_list_menu_elementor_5e1cd9d7 ul\n{\n  padding:0;\n  list-style:none;\n  margin:0;\n}\n\n#uc_simple_list_menu_elementor_5e1cd9d7 ul li\n{\n  padding:0;\n  list-style:none;\n  margin:0;\n}\n\n#uc_simple_list_menu_elementor_5e1cd9d7 ul li.current_page_item\n{\n  background-color:;\n}\n\n#uc_simple_list_menu_elementor_5e1cd9d7 ul ul li.current_page_item\n{\n  background-color:;\n}\n\n#uc_simple_list_menu_elementor_5e1cd9d7 ul ul ul li.current_page_item\n{\n  background-color:;\n}\n\n#uc_simple_list_menu_elementor_5e1cd9d7 ul li:last-child\n{\n  border-bottom:none;\n}\n\n#uc_simple_list_menu_elementor_5e1cd9d7 ul li a\n{\n  text-decoration:none;\n  display:block;\n}\n\n#uc_simple_list_menu_elementor_5e1cd9d7 ul li.current-menu-parent > a,\n#uc_simple_list_menu_elementor_5e1cd9d7 ul li.current-page-parent > a,\n#uc_simple_list_menu_elementor_5e1cd9d7 ul li.current-menu-parent > a:link,\n#uc_simple_list_menu_elementor_5e1cd9d7 ul li.current-menu-parent > a:visited,\n#uc_simple_list_menu_elementor_5e1cd9d7 ul li.current-page-parent > a:link,\n#uc_simple_list_menu_elementor_5e1cd9d7 ul li.current-page-parent > a:visited {\n    color: #dc5f13 !important;\n}\n\n\ndiv[data-widget_type=\"ucaddon_simple_list_menu.default\"] {\n    padding: 0 !important;\n}\ndiv.simple_list_menu>ul>li>a {\n    line-height: 22px !important;\n    padding: 5px !important;\n}\n\n<\/style>\n\n<div id=\"uc_simple_list_menu_elementor_5e1cd9d7\" class=\"simple_list_menu\">\n<div class=\"ue_simple_list_menu_title\">About Us<\/div><ul id=\"menu-hakkimizda\" class=\"uc-list-menu\"><li id=\"menu-item-21865\" class=\"menu-item menu-item-type-post_type menu-item-object-page menu-item-21865\"><a href=\"https:\/\/www.turkishbank.com\/en\/about-us\/get-to-know-us\/\">Get to know TurkishBank<\/a><\/li>\n<li id=\"menu-item-26742\" class=\"menu-item menu-item-type-custom menu-item-object-custom menu-item-26742\"><a href=\"https:\/\/www.turkishbankgroup.com\/en\/about-us\/history\">History of Our Group<\/a><\/li>\n<li id=\"menu-item-21869\" class=\"menu-item menu-item-type-post_type menu-item-object-page menu-item-21869\"><a href=\"https:\/\/www.turkishbank.com\/en\/about-us\/affiliates-group-companies\/\">Affiliates &#038; Group Companies<\/a><\/li>\n<li id=\"menu-item-21870\" class=\"menu-item menu-item-type-post_type menu-item-object-page menu-item-21870\"><a href=\"https:\/\/www.turkishbank.com\/en\/about-us\/corporate-management\/\">Corporate Management<\/a><\/li>\n<\/ul>\n<\/div>\n<!-- end List Menu -->\t\t\t\t<\/div>\n\t\t\t\t<\/div>\n\t\t\t\t\t<\/div>\n\t\t<\/div>\n\t\t\t\t<div class=\"elementor-column elementor-col-50 elementor-inner-column elementor-element elementor-element-718236e\" data-id=\"718236e\" data-element_type=\"column\">\n\t\t\t<div class=\"elementor-widget-wrap elementor-element-populated\">\n\t\t\t\t\t\t<div class=\"elementor-element elementor-element-470b897 elementor-widget elementor-widget-text-editor\" data-id=\"470b897\" data-element_type=\"widget\" data-widget_type=\"text-editor.default\">\n\t\t\t\t<div class=\"elementor-widget-container\">\n\t\t\t\t\t\t\t\t\t<p><span style=\"color: #ffffff;\">The TurkishBank Group began its operations in T\u00fcrkiye in 1982 by opening the Istanbul branch of Turkish Bank Limited, which had been established in Cyprus. In 1988, Turkish Bank Ltd. opened its second branch in Izmir, followed by a branch in Mersin the next year, and later in Ankara, thereby expanding its service network in T\u00fcrkiye. The TurkishBank Group&#8217;s operations in T\u00fcrkiye gained a separate legal identity as Turkish Bank A.\u015e. on December 27, 1991, transitioning from its status as a foreign bank.<\/span><\/p>\n<p><span style=\"color: #ffffff;\">TurkishBank&#8217;s primary areas of activity encompass corporate, commercial, individual, and private banking, as well as project financing and fund management. In addition to its regular banking operations, the Bank also conducts agency activities on behalf of Turkish Securities Inc. through its branches. As of December 31, 2025, Turkish Bank A.\u015e., with a paid-in capital of 600 million TRY, operates 6 branches and 8 ATMs across the country.<\/span><\/p>\t\t\t\t\t\t\t\t<\/div>\n\t\t\t\t<\/div>\n\t\t\t\t\t<\/div>\n\t\t<\/div>\n\t\t\t\t\t<\/div>\n\t\t<\/section>\n\t\t\t\t\t<\/div>\n\t\t<\/div>\n\t\t\t\t\t<\/div>\n\t\t<\/section>\n\t\t<div class=\"elementor-element elementor-element-df1b1c8 elementor-hidden-desktop elementor-hidden-tablet elementor-hidden-mobile e-flex e-con-boxed e-con e-parent\" data-id=\"df1b1c8\" data-element_type=\"container\" data-settings=\"{&quot;background_background&quot;:&quot;classic&quot;}\">\n\t\t\t\t\t<div class=\"e-con-inner\">\n\t\t<div class=\"elementor-element elementor-element-ef85d92 e-con-full e-flex e-con e-child\" data-id=\"ef85d92\" data-element_type=\"container\">\n\t\t\t\t<\/div>\n\t\t<div class=\"elementor-element elementor-element-e874286 e-con-full e-flex e-con e-child\" data-id=\"e874286\" data-element_type=\"container\">\n\t\t\t\t<\/div>\n\t\t<div class=\"elementor-element elementor-element-33ff3ee e-con-full e-flex e-con e-child\" data-id=\"33ff3ee\" data-element_type=\"container\">\n\t\t\t\t<\/div>\n\t\t<div class=\"elementor-element elementor-element-dfc099e e-con-full e-flex e-con e-child\" data-id=\"dfc099e\" data-element_type=\"container\">\n\t\t\t\t<\/div>\n\t\t\t\t\t<\/div>\n\t\t\t\t<\/div>\n\t\t\t\t<\/div>\n\t\t","protected":false},"excerpt":{"rendered":"<p>About Us Get to know TurkishBank History of Our Group Affiliates &#038; Group Companies Corporate Management The TurkishBank Group began its operations in T\u00fcrkiye in 1982 by opening the Istanbul branch of Turkish Bank Limited, which had been established in&#8230;<\/p>\n","protected":false},"author":1,"featured_media":0,"parent":18568,"menu_order":0,"comment_status":"closed","ping_status":"closed","template":"","meta":{"footnotes":""},"class_list":["post-4662","page","type-page","status-publish","hentry"],"_links":{"self":[{"href":"https:\/\/www.turkishbank.com\/en\/wp-json\/wp\/v2\/pages\/4662","targetHints":{"allow":["GET"]}}],"collection":[{"href":"https:\/\/www.turkishbank.com\/en\/wp-json\/wp\/v2\/pages"}],"about":[{"href":"https:\/\/www.turkishbank.com\/en\/wp-json\/wp\/v2\/types\/page"}],"author":[{"embeddable":true,"href":"https:\/\/www.turkishbank.com\/en\/wp-json\/wp\/v2\/users\/1"}],"replies":[{"embeddable":true,"href":"https:\/\/www.turkishbank.com\/en\/wp-json\/wp\/v2\/comments?post=4662"}],"version-history":[{"count":17,"href":"https:\/\/www.turkishbank.com\/en\/wp-json\/wp\/v2\/pages\/4662\/revisions"}],"predecessor-version":[{"id":26746,"href":"https:\/\/www.turkishbank.com\/en\/wp-json\/wp\/v2\/pages\/4662\/revisions\/26746"}],"up":[{"embeddable":true,"href":"https:\/\/www.turkishbank.com\/en\/wp-json\/wp\/v2\/pages\/18568"}],"wp:attachment":[{"href":"https:\/\/www.turkishbank.com\/en\/wp-json\/wp\/v2\/media?parent=4662"}],"curies":[{"name":"wp","href":"https:\/\/api.w.org\/{rel}","templated":true}]}}